{"id":2547,"date":"2018-05-19T18:02:13","date_gmt":"2018-05-19T18:02:13","guid":{"rendered":"http:\/\/outdoor-mania.eu\/en\/?page_id=2547"},"modified":"2020-01-28T12:26:11","modified_gmt":"2020-01-28T12:26:11","slug":"where-to-find-us","status":"publish","type":"page","link":"https:\/\/outdoor-mania.eu\/de\/where-to-find-us\/","title":{"rendered":"Wo wir zu finden sind"},"content":{"rendered":"<p>[vc_row css_animation=&#8220;&#8220; row_type=&#8220;row&#8220; use_row_as_full_screen_section=&#8220;no&#8220; type=&#8220;full_width&#8220; angled_section=&#8220;no&#8220; text_align=&#8220;left&#8220; background_image_as_pattern=&#8220;without_pattern&#8220;][vc_column]<div class='qode_image_gallery_no_space '><div class='qode_image_gallery_holder' style='height: 500px;'><ul  ><li  ><div style=\"height: 500px; width:752px;\"><img decoding=\"async\" itemprop=\"image\" src=\"https:\/\/outdoor-mania.eu\/wp-content\/uploads\/2018\/05\/what-we-offer-bikes-outdoor-mania-7.jpg\" alt=\"\" title=\"\"><\/div><\/li><li  ><div style=\"height: 500px; width:752px;\"><img decoding=\"async\" itemprop=\"image\" src=\"https:\/\/outdoor-mania.eu\/wp-content\/uploads\/2018\/05\/what-we-offer-bikes-outdoor-mania-4.jpg\" alt=\"\" title=\"\"><\/div><\/li><li  ><div style=\"height: 500px; width:667px;\"><img decoding=\"async\" itemprop=\"image\" src=\"https:\/\/outdoor-mania.eu\/wp-content\/uploads\/2018\/05\/what-we-offer-bikes-outdoor-mania-2.jpg\" alt=\"\" title=\"\"><\/div><\/li><li  ><div style=\"height: 500px; width:750px;\"><img decoding=\"async\" itemprop=\"image\" src=\"https:\/\/outdoor-mania.eu\/wp-content\/uploads\/2018\/03\/outdoor-mania-naslovna-15.jpg\" alt=\"\" title=\"\"><\/div><\/li><\/ul><\/div><div class=\"controls\"><a class=\"prev-slide\" href=\"#\"><span><i class=\"fa fa-angle-left\"><\/i><\/span><\/a><a class=\"next-slide\" href=\"#\"><span><i class=\"fa fa-angle-right\"><\/i><\/span><\/a><\/div><\/div>[\/vc_column][\/vc_row][vc_row css_animation=&#8220;&#8220; row_type=&#8220;row&#8220; use_row_as_full_screen_section=&#8220;no&#8220; type=&#8220;grid&#8220; angled_section=&#8220;no&#8220; text_align=&#8220;left&#8220; background_image_as_pattern=&#8220;without_pattern&#8220; z_index=&#8220;&#8220; css=&#8220;.vc_custom_1526753433130{padding-top: 50px !important;}&#8220;][vc_column][vc_column_text]Unsere Radtouren finden haupts\u00e4chlich in und um Buzet, im Herzen Istriens in Kroatien befindlich, statt. Unsere au\u00dferordentlichen Ortskenntnisse werden deinen Urlaub zu einem unvergesslichen Erlebnis machen, da es jeden Tag etwas Neues zu sehen gibt. Die mitunter herausfordernde Umgebung \u2013 gerade und flache Stra\u00dfen sind ein Fremdwort f\u00fcr uns \u2013 bietet unz\u00e4hlige M\u00f6glichkeiten. Vom Strandbesuch bis zur Tour in den istrischen Bergen ist alles m\u00f6glich.<\/p>\n<p>Obwohl wir auch Touren f\u00fcr Anf\u00e4nger anbieten, ist eine gute k\u00f6rperliche Grundkonstitution Voraussetzung. Aber keine Panik, wir bieten all unsere Touren auch mit E-Bikes an, sodass es jedem m\u00f6glich wird Istrien von den sch\u00f6nsten Seiten kennenzulernen.[\/vc_column_text][\/vc_column][\/vc_row]<\/p>\n","protected":false},"excerpt":{"rendered":"<p>[vc_row css_animation=&#8220;&#8220; row_type=&#8220;row&#8220; use_row_as_full_screen_section=&#8220;no&#8220; type=&#8220;full_width&#8220; angled_section=&#8220;no&#8220; text_align=&#8220;left&#8220; background_image_as_pattern=&#8220;without_pattern&#8220;][vc_column][\/vc_column][\/vc_row][vc_row css_animation=&#8220;&#8220; row_type=&#8220;row&#8220; use_row_as_full_screen_section=&#8220;no&#8220; type=&#8220;grid&#8220; angled_section=&#8220;no&#8220; text_align=&#8220;left&#8220; background_image_as_pattern=&#8220;without_pattern&#8220; z_index=&#8220;&#8220; css=&#8220;.vc_custom_1526753433130{padding-top: 50px !important;}&#8220;][vc_column][vc_column_text]Unsere Radtouren finden haupts\u00e4chlich in und um Buzet, im Herzen Istriens in Kroatien befindlich, statt. Unsere au\u00dferordentlichen Ortskenntnisse werden deinen Urlaub zu einem unvergesslichen Erlebnis machen, da&#8230;<\/p>\n","protected":false},"author":1,"featured_media":0,"parent":0,"menu_order":0,"comment_status":"closed","ping_status":"closed","template":"full_width.php","meta":{"footnotes":""},"class_list":["post-2547","page","type-page","status-publish","hentry"],"_links":{"self":[{"href":"https:\/\/outdoor-mania.eu\/de\/wp-json\/wp\/v2\/pages\/2547"}],"collection":[{"href":"https:\/\/outdoor-mania.eu\/de\/wp-json\/wp\/v2\/pages"}],"about":[{"href":"https:\/\/outdoor-mania.eu\/de\/wp-json\/wp\/v2\/types\/page"}],"author":[{"embeddable":true,"href":"https:\/\/outdoor-mania.eu\/de\/wp-json\/wp\/v2\/users\/1"}],"replies":[{"embeddable":true,"href":"https:\/\/outdoor-mania.eu\/de\/wp-json\/wp\/v2\/comments?post=2547"}],"version-history":[{"count":14,"href":"https:\/\/outdoor-mania.eu\/de\/wp-json\/wp\/v2\/pages\/2547\/revisions"}],"predecessor-version":[{"id":2883,"href":"https:\/\/outdoor-mania.eu\/de\/wp-json\/wp\/v2\/pages\/2547\/revisions\/2883"}],"wp:attachment":[{"href":"https:\/\/outdoor-mania.eu\/de\/wp-json\/wp\/v2\/media?parent=2547"}],"curies":[{"name":"wp","href":"https:\/\/api.w.org\/{rel}","templated":true}]}}