{"id":2435,"date":"2018-03-28T13:43:51","date_gmt":"2018-03-28T13:43:51","guid":{"rendered":"http:\/\/outdoor-mania.eu\/?page_id=2435"},"modified":"2022-04-08T06:27:29","modified_gmt":"2022-04-08T06:27:29","slug":"the-bikes","status":"publish","type":"page","link":"https:\/\/outdoor-mania.eu\/de\/the-bikes\/","title":{"rendered":"Unsere R\u00e4der"},"content":{"rendered":"<p>[vc_row css_animation=&#8220;&#8220; row_type=&#8220;row&#8220; use_row_as_full_screen_section=&#8220;no&#8220; type=&#8220;full_width&#8220; angled_section=&#8220;no&#8220; text_align=&#8220;left&#8220; background_image_as_pattern=&#8220;without_pattern&#8220; z_index=&#8220;&#8220;][vc_column]<div class='qode_image_gallery_no_space '><div class='qode_image_gallery_holder' style='height: 500px;'><ul  ><li  ><div style=\"height: 500px; width:750px;\"><img decoding=\"async\" itemprop=\"image\" src=\"https:\/\/outdoor-mania.eu\/wp-content\/uploads\/2018\/03\/outdoor-mania-bikes-1-1.jpg\" alt=\"\" title=\"\"><\/div><\/li><li  ><div style=\"height: 500px; width:820px;\"><img decoding=\"async\" itemprop=\"image\" src=\"https:\/\/outdoor-mania.eu\/wp-content\/uploads\/2018\/03\/outdoor-mania-bikes-1.png\" alt=\"\" title=\"\"><\/div><\/li><li  ><div style=\"height: 500px; width:750px;\"><img decoding=\"async\" itemprop=\"image\" src=\"https:\/\/outdoor-mania.eu\/wp-content\/uploads\/2018\/03\/outdoor-mania-bikes-2-1.jpg\" alt=\"\" title=\"\"><\/div><\/li><li  ><div style=\"height: 500px; width:820px;\"><img decoding=\"async\" itemprop=\"image\" src=\"https:\/\/outdoor-mania.eu\/wp-content\/uploads\/2018\/03\/outdoor-mania-bikes-2.png\" alt=\"\" title=\"\"><\/div><\/li><li  ><div style=\"height: 500px; width:750px;\"><img decoding=\"async\" itemprop=\"image\" src=\"https:\/\/outdoor-mania.eu\/wp-content\/uploads\/2018\/03\/outdoor-mania-bikes-3-1.jpg\" alt=\"\" title=\"\"><\/div><\/li><li  ><div style=\"height: 500px; width:750px;\"><img decoding=\"async\" itemprop=\"image\" src=\"https:\/\/outdoor-mania.eu\/wp-content\/uploads\/2018\/03\/outdoor-mania-bikes-4-1.jpg\" alt=\"\" title=\"\"><\/div><\/li><li  ><div style=\"height: 500px; width:750px;\"><img decoding=\"async\" itemprop=\"image\" src=\"https:\/\/outdoor-mania.eu\/wp-content\/uploads\/2018\/03\/outdoor-mania-bikes-5-1.jpg\" alt=\"\" title=\"\"><\/div><\/li><li  ><div style=\"height: 500px; width:750px;\"><img decoding=\"async\" itemprop=\"image\" src=\"https:\/\/outdoor-mania.eu\/wp-content\/uploads\/2018\/03\/outdoor-mania-bikes-6-1.jpg\" alt=\"\" title=\"\"><\/div><\/li><li  ><div style=\"height: 500px; width:750px;\"><img decoding=\"async\" itemprop=\"image\" src=\"https:\/\/outdoor-mania.eu\/wp-content\/uploads\/2018\/03\/outdoor-mania-ebikes-1.jpg\" alt=\"\" title=\"\"><\/div><\/li><li  ><div style=\"height: 500px; width:820px;\"><img decoding=\"async\" itemprop=\"image\" src=\"https:\/\/outdoor-mania.eu\/wp-content\/uploads\/2018\/03\/outdoor-mania-ebikes-1.png\" alt=\"\" title=\"\"><\/div><\/li><li  ><div style=\"height: 500px; width:750px;\"><img decoding=\"async\" itemprop=\"image\" src=\"https:\/\/outdoor-mania.eu\/wp-content\/uploads\/2018\/03\/outdoor-mania-ebikes-2.jpg\" alt=\"\" title=\"\"><\/div><\/li><li  ><div style=\"height: 500px; width:750px;\"><img decoding=\"async\" itemprop=\"image\" src=\"https:\/\/outdoor-mania.eu\/wp-content\/uploads\/2018\/03\/outdoor-mania-ebikes-3.jpg\" alt=\"\" title=\"\"><\/div><\/li><\/ul><\/div><div class=\"controls\"><a class=\"prev-slide\" href=\"#\"><span><i class=\"fa fa-angle-left\"><\/i><\/span><\/a><a class=\"next-slide\" href=\"#\"><span><i class=\"fa fa-angle-right\"><\/i><\/span><\/a><\/div><\/div>[\/vc_column][\/vc_row][vc_row css_animation=&#8220;&#8220; row_type=&#8220;row&#8220; use_row_as_full_screen_section=&#8220;no&#8220; type=&#8220;grid&#8220; angled_section=&#8220;no&#8220; text_align=&#8220;left&#8220; background_image_as_pattern=&#8220;without_pattern&#8220; z_index=&#8220;&#8220;][vc_column][vc_column_text css=&#8220;.vc_custom_1580214282557{padding-top: 50px !important;padding-bottom: 50px !important;}&#8220;]<\/p>\n<h1 style=\"text-align: center;\">BUCHE DEINE TOUR MIT UNS UND GENIESSE DEN RITT AUF EINEM UNSERER QUALITATIV HOCHWERTIGEN R\u00c4DER. AUF DEN BILDERN UNTEN SIEHST DU UNSERE AKTUELL ZUR VERMIETUNG STEHENDEN R\u00c4DER<\/h1>\n<p>[\/vc_column_text][vc_row_inner row_type=&#8220;row&#8220; type=&#8220;full_width&#8220; text_align=&#8220;left&#8220; css_animation=&#8220;&#8220;][vc_column_inner width=&#8220;1\/2&#8243;][vc_column_text]<\/p>\n<h2 style=\"text-align: center;\">MTB<\/h2>\n<p>[\/vc_column_text][vc_single_image image=&#8220;2644&#8243; img_size=&#8220;full&#8220; alignment=&#8220;center&#8220; onclick=&#8220;custom_link&#8220; qode_css_animation=&#8220;&#8220; link=&#8220;https:\/\/outdoor-mania.eu\/de\/the-bikes\/attention\/&#8220;][\/vc_column_inner][vc_column_inner width=&#8220;1\/2&#8243;][vc_column_text]<\/p>\n<h2 style=\"text-align: center;\">E-MTB<\/h2>\n<p>[\/vc_column_text][vc_single_image image=&#8220;2662&#8243; img_size=&#8220;full&#8220; alignment=&#8220;center&#8220; onclick=&#8220;custom_link&#8220; qode_css_animation=&#8220;&#8220; link=&#8220;https:\/\/outdoor-mania.eu\/de\/the-bikes\/e-bike\/&#8220;][\/vc_column_inner][\/vc_row_inner]<div role=\"form\" class=\"wpcf7\" id=\"wpcf7-f162-o1\" lang=\"en-US\" dir=\"ltr\">\n<div class=\"screen-reader-response\"><p role=\"status\" aria-live=\"polite\" aria-atomic=\"true\"><\/p> <ul><\/ul><\/div>\n<form action=\"\/de\/wp-json\/wp\/v2\/pages\/2435#wpcf7-f162-o1\" method=\"post\" class=\"wpcf7-form init cf7_custom_style_2\" novalidate=\"novalidate\" data-status=\"init\">\n<div style=\"display: none;\">\n<input type=\"hidden\" name=\"_wpcf7\" value=\"162\" \/>\n<input type=\"hidden\" name=\"_wpcf7_version\" value=\"5.5.6\" \/>\n<input type=\"hidden\" name=\"_wpcf7_locale\" value=\"en_US\" \/>\n<input type=\"hidden\" name=\"_wpcf7_unit_tag\" value=\"wpcf7-f162-o1\" \/>\n<input type=\"hidden\" name=\"_wpcf7_container_post\" value=\"0\" \/>\n<input type=\"hidden\" name=\"_wpcf7_posted_data_hash\" value=\"\" \/>\n<input type=\"hidden\" name=\"lang\" value=\"de\" \/>\n<\/div>\n<p>Gib deinen Namen ein: <span class=\"wpcf7-form-control-wrap text-897\"><input type=\"text\" name=\"text-897\" value=\"\" size=\"40\" class=\"wpcf7-form-control wpcf7-text\" aria-invalid=\"false\" \/><\/span><br \/>\nGeben sie ihre E-Mail Adresse ein: <span class=\"wpcf7-form-control-wrap your-email\"><input type=\"email\" name=\"your-email\" value=\"\" size=\"40\" class=\"wpcf7-form-control wpcf7-text wpcf7-email wpcf7-validates-as-email\" aria-invalid=\"false\" \/><\/span><br \/>\nDeine Nachricht: <span class=\"wpcf7-form-control-wrap textarea-958\"><textarea name=\"textarea-958\" cols=\"40\" rows=\"10\" class=\"wpcf7-form-control wpcf7-textarea\" aria-invalid=\"false\"><\/textarea><\/span><br \/>\n<span class=\"wpcf7-form-control-wrap GDPR\"><span class=\"wpcf7-form-control wpcf7-checkbox\"><span class=\"wpcf7-list-item first last\"><input type=\"checkbox\" name=\"GDPR[]\" value=\"Gem\u00e4\u00df der allgemeinen Datenschutzverordnung lesen Sie bitte die folgenden Informationen sorgf\u00e4ltig durch, bevor Sie eine Tour mit uns buchen.\" \/><span class=\"wpcf7-list-item-label\">Gem\u00e4\u00df der allgemeinen Datenschutzverordnung lesen Sie bitte die folgenden Informationen sorgf\u00e4ltig durch, bevor Sie eine Tour mit uns buchen.<\/span><\/span><\/span><\/span><\/p>\n<p><input type=\"submit\" value=\"einreichen\" class=\"wpcf7-form-control has-spinner wpcf7-submit\" \/><\/p>\n<p><a href=\"http:\/\/outdoor-mania.eu\/de\/kontakt\/terms-of-use\/\">Gesch\u00e4ftsbedingungen<\/a> | <a href=\"http:\/\/outdoor-mania.eu\/de\/get-in\/privacy-policy\/\">Datenschutz-Bestimmungen<\/a><\/p>\n<div class=\"wpcf7-response-output\" aria-hidden=\"true\"><\/div><\/form><\/div>[\/vc_column][\/vc_row]<\/p>\n","protected":false},"excerpt":{"rendered":"<p>[vc_row css_animation=&#8220;&#8220; row_type=&#8220;row&#8220; use_row_as_full_screen_section=&#8220;no&#8220; type=&#8220;full_width&#8220; angled_section=&#8220;no&#8220; text_align=&#8220;left&#8220; background_image_as_pattern=&#8220;without_pattern&#8220; z_index=&#8220;&#8220;][vc_column][\/vc_column][\/vc_row][vc_row css_animation=&#8220;&#8220; row_type=&#8220;row&#8220; use_row_as_full_screen_section=&#8220;no&#8220; type=&#8220;grid&#8220; angled_section=&#8220;no&#8220; text_align=&#8220;left&#8220; background_image_as_pattern=&#8220;without_pattern&#8220; z_index=&#8220;&#8220;][vc_column][vc_column_text css=&#8220;.vc_custom_1580214282557{padding-top: 50px !important;padding-bottom: 50px !important;}&#8220;] BUCHE DEINE TOUR MIT UNS UND GENIESSE DEN RITT AUF EINEM UNSERER QUALITATIV HOCHWERTIGEN R\u00c4DER. AUF DEN BILDERN UNTEN SIEHST DU UNSERE AKTUELL&#8230;<\/p>\n","protected":false},"author":1,"featured_media":0,"parent":0,"menu_order":0,"comment_status":"closed","ping_status":"closed","template":"full_width.php","meta":{"footnotes":""},"class_list":["post-2435","page","type-page","status-publish","hentry"],"_links":{"self":[{"href":"https:\/\/outdoor-mania.eu\/de\/wp-json\/wp\/v2\/pages\/2435"}],"collection":[{"href":"https:\/\/outdoor-mania.eu\/de\/wp-json\/wp\/v2\/pages"}],"about":[{"href":"https:\/\/outdoor-mania.eu\/de\/wp-json\/wp\/v2\/types\/page"}],"author":[{"embeddable":true,"href":"https:\/\/outdoor-mania.eu\/de\/wp-json\/wp\/v2\/users\/1"}],"replies":[{"embeddable":true,"href":"https:\/\/outdoor-mania.eu\/de\/wp-json\/wp\/v2\/comments?post=2435"}],"version-history":[{"count":11,"href":"https:\/\/outdoor-mania.eu\/de\/wp-json\/wp\/v2\/pages\/2435\/revisions"}],"predecessor-version":[{"id":2881,"href":"https:\/\/outdoor-mania.eu\/de\/wp-json\/wp\/v2\/pages\/2435\/revisions\/2881"}],"wp:attachment":[{"href":"https:\/\/outdoor-mania.eu\/de\/wp-json\/wp\/v2\/media?parent=2435"}],"curies":[{"name":"wp","href":"https:\/\/api.w.org\/{rel}","templated":true}]}}