{"id":224,"date":"2018-01-23T14:10:25","date_gmt":"2018-01-23T14:10:25","guid":{"rendered":"http:\/\/bridge135.qodeinteractive.com\/?page_id=224"},"modified":"2022-12-10T16:33:56","modified_gmt":"2022-12-10T16:33:56","slug":"get-in","status":"publish","type":"page","link":"https:\/\/outdoor-mania.eu\/de\/get-in\/","title":{"rendered":"Get In"},"content":{"rendered":"<p>[vc_row css_animation=&#8220;&#8220; row_type=&#8220;row&#8220; use_row_as_full_screen_section=&#8220;no&#8220; type=&#8220;full_width&#8220; angled_section=&#8220;no&#8220; text_align=&#8220;left&#8220; background_image_as_pattern=&#8220;without_pattern&#8220; el_class=&#8220;row-with-separator&#8220; z_index=&#8220;&#8220;][vc_column css=&#8220;.vc_custom_1516724424449{margin-top: 0px !important;margin-right: 0px !important;margin-bottom: 0px !important;margin-left: 0px !important;padding-right: 0px !important;padding-left: 0px !important;}&#8220;][qode_elements_holder number_of_columns=&#8220;two_columns&#8220;][qode_elements_holder_item vertical_alignment=&#8220;middle&#8220; advanced_animations=&#8220;no&#8220;][vc_raw_html]JTNDaWZyYW1lJTIwc3JjJTNEJTIyaHR0cHMlM0ElMkYlMkZ3d3cuZ29vZ2xlLmNvbSUyRm1hcHMlMkZlbWJlZCUzRnBiJTNEJTIxMW0xOCUyMTFtMTIlMjExbTMlMjExZDQ3OTQ4NDUuMTQ5NzgzNjQlMjEyZDEzLjAwNTU0MjQ4ODQzOTQ0NyUyMTNkNDQuOTY0MzA5NTE5NjA0MjM1JTIxMm0zJTIxMWYwJTIxMmYwJTIxM2YwJTIxM20yJTIxMWkxMDI0JTIxMmk3NjglMjE0ZjEzLjElMjEzbTMlMjExbTIlMjExczB4NDc3YjU3MTVhZjc2NDNhMyUyNTNBMHg1NTZkYjc3ZGQ0YTNkZjE2JTIxMnM1MjQyMCUyNTJDJTJCQnV6ZXQlMjE1ZTElMjEzbTIlMjExc2hyJTIxMnNociUyMTR2MTUyNTIzNzM0MjU2NiUyMiUyMHdpZHRoJTNEJTIyMTAwJTI1JTIyJTIwaGVpZ2h0JTNEJTIyMTAwMCUyMiUyMGZyYW1lYm9yZGVyJTNEJTIyMCUyMiUyMHN0eWxlJTNEJTIyYm9yZGVyJTNBMCUyMiUyMGFsbG93ZnVsbHNjcmVlbiUzRSUzQyUyRmlmcmFtZSUzRQ==[\/vc_raw_html][\/qode_elements_holder_item][qode_elements_holder_item vertical_alignment=&#8220;middle&#8220; advanced_animations=&#8220;no&#8220; background_color=&#8220;#1a1917&#8243; item_padding=&#8220;21% 16%&#8220; item_padding_1280_1440=&#8220;5% 13%&#8220; item_padding_1024_1280=&#8220;5% 13%&#8220; item_padding_768_1024=&#8220;6% 10%&#8220; item_padding_600_768=&#8220;15% 9%&#8220; item_padding_480_600=&#8220;17% 15%&#8220; item_padding_480=&#8220;17% 15%&#8220;]<div role=\"form\" class=\"wpcf7\" id=\"wpcf7-f162-o1\" lang=\"en-US\" dir=\"ltr\">\n<div class=\"screen-reader-response\"><p role=\"status\" aria-live=\"polite\" aria-atomic=\"true\"><\/p> <ul><\/ul><\/div>\n<form action=\"\/de\/wp-json\/wp\/v2\/pages\/224#wpcf7-f162-o1\" method=\"post\" class=\"wpcf7-form init cf7_custom_style_1\" novalidate=\"novalidate\" data-status=\"init\">\n<div style=\"display: none;\">\n<input type=\"hidden\" name=\"_wpcf7\" value=\"162\" \/>\n<input type=\"hidden\" name=\"_wpcf7_version\" value=\"5.5.6\" \/>\n<input type=\"hidden\" name=\"_wpcf7_locale\" value=\"en_US\" \/>\n<input type=\"hidden\" name=\"_wpcf7_unit_tag\" value=\"wpcf7-f162-o1\" \/>\n<input type=\"hidden\" name=\"_wpcf7_container_post\" value=\"0\" \/>\n<input type=\"hidden\" name=\"_wpcf7_posted_data_hash\" value=\"\" \/>\n<input type=\"hidden\" name=\"lang\" value=\"de\" \/>\n<\/div>\n<p>Gib deinen Namen ein: <span class=\"wpcf7-form-control-wrap text-897\"><input type=\"text\" name=\"text-897\" value=\"\" size=\"40\" class=\"wpcf7-form-control wpcf7-text\" aria-invalid=\"false\" \/><\/span><br \/>\nGeben sie ihre E-Mail Adresse ein: <span class=\"wpcf7-form-control-wrap your-email\"><input type=\"email\" name=\"your-email\" value=\"\" size=\"40\" class=\"wpcf7-form-control wpcf7-text wpcf7-email wpcf7-validates-as-email\" aria-invalid=\"false\" \/><\/span><br \/>\nDeine Nachricht: <span class=\"wpcf7-form-control-wrap textarea-958\"><textarea name=\"textarea-958\" cols=\"40\" rows=\"10\" class=\"wpcf7-form-control wpcf7-textarea\" aria-invalid=\"false\"><\/textarea><\/span><br \/>\n<span class=\"wpcf7-form-control-wrap GDPR\"><span class=\"wpcf7-form-control wpcf7-checkbox\"><span class=\"wpcf7-list-item first last\"><input type=\"checkbox\" name=\"GDPR[]\" value=\"Gem\u00e4\u00df der allgemeinen Datenschutzverordnung lesen Sie bitte die folgenden Informationen sorgf\u00e4ltig durch, bevor Sie eine Tour mit uns buchen.\" \/><span class=\"wpcf7-list-item-label\">Gem\u00e4\u00df der allgemeinen Datenschutzverordnung lesen Sie bitte die folgenden Informationen sorgf\u00e4ltig durch, bevor Sie eine Tour mit uns buchen.<\/span><\/span><\/span><\/span><\/p>\n<p><input type=\"submit\" value=\"einreichen\" class=\"wpcf7-form-control has-spinner wpcf7-submit\" \/><\/p>\n<p><a href=\"http:\/\/outdoor-mania.eu\/de\/kontakt\/terms-of-use\/\">Gesch\u00e4ftsbedingungen<\/a> | <a href=\"http:\/\/outdoor-mania.eu\/de\/get-in\/privacy-policy\/\">Datenschutz-Bestimmungen<\/a><\/p>\n<div class=\"wpcf7-response-output\" aria-hidden=\"true\"><\/div><\/form><\/div>[vc_column_text]Umsatzsteuer-Identifikationsnummer: DE317550460<br \/>\nOUTDOOR MANIA<br \/>\nAle\u0161 Hrvatin<br \/>\nEugen Bolz Stra\u00dfe 8<br \/>\n72275 Alpirsbach[\/vc_column_text][\/qode_elements_holder_item][\/qode_elements_holder][\/vc_column][\/vc_row]<\/p>\n","protected":false},"excerpt":{"rendered":"<p>[vc_row css_animation=&#8220;&#8220; row_type=&#8220;row&#8220; use_row_as_full_screen_section=&#8220;no&#8220; type=&#8220;full_width&#8220; angled_section=&#8220;no&#8220; text_align=&#8220;left&#8220; background_image_as_pattern=&#8220;without_pattern&#8220; el_class=&#8220;row-with-separator&#8220; z_index=&#8220;&#8220;][vc_column css=&#8220;.vc_custom_1516724424449{margin-top: 0px !important;margin-right: 0px !important;margin-bottom: 0px !important;margin-left: 0px !important;padding-right: 0px !important;padding-left: 0px !important;}&#8220;][qode_elements_holder number_of_columns=&#8220;two_columns&#8220;][qode_elements_holder_item vertical_alignment=&#8220;middle&#8220; advanced_animations=&#8220;no&#8220;][vc_raw_html]JTNDaWZyYW1lJTIwc3JjJTNEJTIyaHR0cHMlM0ElMkYlMkZ3d3cuZ29vZ2xlLmNvbSUyRm1hcHMlMkZlbWJlZCUzRnBiJTNEJTIxMW0xOCUyMTFtMTIlMjExbTMlMjExZDQ3OTQ4NDUuMTQ5NzgzNjQlMjEyZDEzLjAwNTU0MjQ4ODQzOTQ0NyUyMTNkNDQuOTY0MzA5NTE5NjA0MjM1JTIxMm0zJTIxMWYwJTIxMmYwJTIxM2YwJTIxM20yJTIxMWkxMDI0JTIxMmk3NjglMjE0ZjEzLjElMjEzbTMlMjExbTIlMjExczB4NDc3YjU3MTVhZjc2NDNhMyUyNTNBMHg1NTZkYjc3ZGQ0YTNkZjE2JTIxMnM1MjQyMCUyNTJDJTJCQnV6ZXQlMjE1ZTElMjEzbTIlMjExc2hyJTIxMnNociUyMTR2MTUyNTIzNzM0MjU2NiUyMiUyMHdpZHRoJTNEJTIyMTAwJTI1JTIyJTIwaGVpZ2h0JTNEJTIyMTAwMCUyMiUyMGZyYW1lYm9yZGVyJTNEJTIyMCUyMiUyMHN0eWxlJTNEJTIyYm9yZGVyJTNBMCUyMiUyMGFsbG93ZnVsbHNjcmVlbiUzRSUzQyUyRmlmcmFtZSUzRQ==[\/vc_raw_html][\/qode_elements_holder_item][qode_elements_holder_item vertical_alignment=&#8220;middle&#8220; advanced_animations=&#8220;no&#8220; background_color=&#8220;#1a1917&#8243; item_padding=&#8220;21% 16%&#8220; item_padding_1280_1440=&#8220;5% 13%&#8220; item_padding_1024_1280=&#8220;5% 13%&#8220; item_padding_768_1024=&#8220;6% 10%&#8220; item_padding_600_768=&#8220;15% 9%&#8220; item_padding_480_600=&#8220;17% 15%&#8220; item_padding_480=&#8220;17% 15%&#8220;][vc_column_text]Umsatzsteuer-Identifikationsnummer: DE317550460 OUTDOOR&#8230;<\/p>\n","protected":false},"author":1,"featured_media":0,"parent":0,"menu_order":0,"comment_status":"closed","ping_status":"open","template":"full_width.php","meta":{"footnotes":""},"class_list":["post-224","page","type-page","status-publish","hentry"],"_links":{"self":[{"href":"https:\/\/outdoor-mania.eu\/de\/wp-json\/wp\/v2\/pages\/224"}],"collection":[{"href":"https:\/\/outdoor-mania.eu\/de\/wp-json\/wp\/v2\/pages"}],"about":[{"href":"https:\/\/outdoor-mania.eu\/de\/wp-json\/wp\/v2\/types\/page"}],"author":[{"embeddable":true,"href":"https:\/\/outdoor-mania.eu\/de\/wp-json\/wp\/v2\/users\/1"}],"replies":[{"embeddable":true,"href":"https:\/\/outdoor-mania.eu\/de\/wp-json\/wp\/v2\/comments?post=224"}],"version-history":[{"count":28,"href":"https:\/\/outdoor-mania.eu\/de\/wp-json\/wp\/v2\/pages\/224\/revisions"}],"predecessor-version":[{"id":2942,"href":"https:\/\/outdoor-mania.eu\/de\/wp-json\/wp\/v2\/pages\/224\/revisions\/2942"}],"wp:attachment":[{"href":"https:\/\/outdoor-mania.eu\/de\/wp-json\/wp\/v2\/media?parent=224"}],"curies":[{"name":"wp","href":"https:\/\/api.w.org\/{rel}","templated":true}]}}