{"id":2,"date":"2018-01-18T08:48:36","date_gmt":"2018-01-18T08:48:36","guid":{"rendered":"http:\/\/bridge135.qodeinteractive.com\/?page_id=2"},"modified":"2020-01-28T13:51:30","modified_gmt":"2020-01-28T13:51:30","slug":"home","status":"publish","type":"page","link":"https:\/\/outdoor-mania.eu\/de\/","title":{"rendered":"Home"},"content":{"rendered":"<p>[vc_row css_animation=&#8220;&#8220; row_type=&#8220;row&#8220; use_row_as_full_screen_section=&#8220;no&#8220; type=&#8220;full_width&#8220; angled_section=&#8220;no&#8220; text_align=&#8220;left&#8220; background_image_as_pattern=&#8220;without_pattern&#8220; css=&#8220;.vc_custom_1520935680674{margin-top: -50px !important;}&#8220; z_index=&#8220;&#8220;][vc_column][rev_slider_vc alias=&#8220;home-de&#8220;][\/vc_column][\/vc_row][vc_row css_animation=&#8220;&#8220; row_type=&#8220;row&#8220; use_row_as_full_screen_section=&#8220;no&#8220; type=&#8220;full_width&#8220; angled_section=&#8220;no&#8220; text_align=&#8220;left&#8220; background_image_as_pattern=&#8220;without_pattern&#8220; el_class=&#8220;row-with-separator&#8220; z_index=&#8220;&#8220;][vc_column css=&#8220;.vc_custom_1516375454296{margin-top: 0px !important;margin-right: 0px !important;margin-bottom: 0px !important;margin-left: 0px !important;padding-right: 0px !important;padding-left: 0px !important;}&#8220; offset=&#8220;vc_col-lg-6 vc_col-md-12&#8243;][qode_elements_holder number_of_columns=&#8220;one_column&#8220;][qode_elements_holder_item advanced_animations=&#8220;no&#8220; background_image=&#8220;367&#8243; item_padding=&#8220;30% 15% 42.8%&#8220; item_padding_1280_1440=&#8220;18% 2% 30.3% 4%&#8220; item_padding_1024_1280=&#8220;16.7% 4% 25% 8%&#8220; item_padding_768_1024=&#8220;25% 30% 27% 13%&#8220; item_padding_600_768=&#8220;15% 9% 32%&#8220; item_padding_480_600=&#8220;16% 0% 33%&#8220; item_padding_480=&#8220;16% 0% 33%&#8220;][vc_column_text]<\/p>\n<h1 style=\"font-weight: 300;\">[vc_separator type=&#8220;small&#8220; position=&#8220;left&#8220; color=&#8220;#f04c23&#8243; thickness=&#8220;2&#8243; width=&#8220;100&#8243; down=&#8220;15&#8243;]Bereit das Abenteuer<\/h1>\n<p>[\/vc_column_text][vc_column_text]<\/p>\n<h1 style=\"font-weight: 900; margin-left: 50px;\">zu wagen<\/h1>\n<p>[\/vc_column_text][vc_empty_space height=&#8220;39px&#8220;][vc_column_text]<\/p>\n<p style=\"margin-left: 110px; margin-right: 13%;\">Du bist abenteuerlustig, liebst neue Herausforderungen oder bist einfach gerne aktiv in der Natur unterwegs?<\/p>\n<p>[\/vc_column_text][vc_empty_space height=&#8220;50px&#8220;][vc_empty_space height=&#8220;40px&#8220; el_class=&#8220;empty-space-hidden&#8220;]\n\n\t<a href=\"https:\/\/outdoor-mania.eu\/de\/ready-to-take-a-ride\/\" target=\"_self\" style=\"color: #1a1917;margin: 0px 0px 0px 110px\" class=\"qode-btn qode-btn-medium qode-btn-simple qode-btn-custom-icon-bg-hover-color qode-btn-icon qodef-btn-icon-square qode-btn-default-hover\"  >\n\t    <span class=\"qode-btn-text\">Weiterlesen<\/span><span class=\"qode-button-v2-icon-holder\" style=\"font-size: 23px;background-color: #f04c23\" data-hover-icon-bg-color=\"#ffffff\"><span aria-hidden=\"true\" class=\"qode_icon_font_elegant arrow_triangle-right qode-button-v2-icon-holder-inner\" ><\/span><\/span>\t<\/a>\n\n[\/qode_elements_holder_item][\/qode_elements_holder][\/vc_column][vc_column css=&#8220;.vc_custom_1520936119432{margin-top: 0px !important;margin-right: 0px !important;margin-bottom: 0px !important;margin-left: 0px !important;padding-right: 0px !important;padding-left: 0px !important;}&#8220; offset=&#8220;vc_col-lg-6 vc_col-md-12&#8243;][qode_elements_holder number_of_columns=&#8220;two_columns&#8220; switch_to_one_column=&#8220;1000&#8243;][qode_elements_holder_item advanced_animations=&#8220;no&#8220; background_image=&#8220;362&#8243; item_padding=&#8220;240px 0px&#8220; item_padding_1280_1440=&#8220;48.7% 0px&#8220; item_padding_1024_1280=&#8220;47% 0px&#8220; item_padding_480_600=&#8220;46% 0px&#8220; item_padding_480=&#8220;46% 0px&#8220;][\/qode_elements_holder_item][qode_elements_holder_item advanced_animations=&#8220;no&#8220; item_padding=&#8220;20% 10% 21.5% 14%&#8220; item_padding_1280_1440=&#8220;14% 2% 14% 7%&#8220; item_padding_1024_1280=&#8220;10% 2% 10% 4%&#8220; item_padding_768_1024=&#8220;21% 16%&#8220; item_padding_600_768=&#8220;15% 30% 15% 14%&#8220; item_padding_480_600=&#8220;17% 10% 17% 14%&#8220; item_padding_480=&#8220;17% 10% 17% 14%&#8220;][vc_column_text]<\/p>\n<h2 style=\"font-weight: 300;\">[vc_separator type=&#8220;small&#8220; position=&#8220;left&#8220; color=&#8220;#f04c23&#8243; thickness=&#8220;2&#8243; width=&#8220;50&#8243; down=&#8220;8&#8243;]Was wir<\/h2>\n<p>[\/vc_column_text][vc_column_text]<\/p>\n<h2 style=\"font-weight: 900; margin-left: 30px;\">bieten<\/h2>\n<p>[\/vc_column_text][vc_empty_space height=&#8220;29px&#8220;][vc_column_text]<\/p>\n<p style=\"margin-left: 60px; margin-right: 6%;\">Du liebst es drau\u00dfen Zeit mit Familie und Freunden zu verbringen? Entspannt Neues entdecken und das Urlaubsland von seiner authentischen Seite kennenzulernen geh\u00f6rt zu deiner Vorstellung eines gelungene Urlaubs?<\/p>\n<p>[\/vc_column_text][vc_empty_space height=&#8220;50px&#8220;][vc_empty_space height=&#8220;40px&#8220; el_class=&#8220;empty-space-hidden&#8220;]\n\n\t<a href=\"https:\/\/outdoor-mania.eu\/de\/what-we-offer\/\" target=\"_self\" style=\"color: #1a1917;margin: 0px 0px 0px 60px\" class=\"qode-btn qode-btn-medium qode-btn-simple qode-btn-custom-icon-bg-hover-color qode-btn-icon qodef-btn-icon-square qode-btn-default-hover\"  >\n\t    <span class=\"qode-btn-text\">Weiterlesen<\/span><span class=\"qode-button-v2-icon-holder\" style=\"font-size: 23px;background-color: #f04c23\" data-hover-icon-bg-color=\"#ffffff\"><span aria-hidden=\"true\" class=\"qode_icon_font_elegant arrow_triangle-right qode-button-v2-icon-holder-inner\" ><\/span><\/span>\t<\/a>\n\n[\/qode_elements_holder_item][\/qode_elements_holder][qode_elements_holder number_of_columns=&#8220;two_columns&#8220; switch_to_one_column=&#8220;1000&#8243;][qode_elements_holder_item advanced_animations=&#8220;no&#8220; background_color=&#8220;#1a1917&#8243; item_padding=&#8220;20% 10% 21.5% 14%&#8220; item_padding_1280_1440=&#8220;14% 2% 14% 7%&#8220; item_padding_1024_1280=&#8220;10% 2% 10% 4%&#8220; item_padding_768_1024=&#8220;21% 16%&#8220; item_padding_600_768=&#8220;15% 30% 15% 14%&#8220; item_padding_480_600=&#8220;17% 10% 17% 14%&#8220; item_padding_480=&#8220;17% 10% 17% 14%&#8220;][vc_column_text]<\/p>\n<h2 style=\"font-weight: 300;\">[vc_separator type=&#8220;small&#8220; position=&#8220;left&#8220; color=&#8220;#f04c23&#8243; thickness=&#8220;2&#8243; width=&#8220;50&#8243; down=&#8220;8&#8243;]<span style=\"color: #ffffff;\">Mehr als nur<\/span><\/h2>\n<p>[\/vc_column_text][vc_column_text]<\/p>\n<h2 style=\"font-weight: 900; margin-left: 30px;\"><span style=\"color: #ffffff;\">\u201eeine Radtour\u201c<\/span><\/h2>\n<p>[\/vc_column_text][vc_empty_space height=&#8220;29px&#8220;][vc_column_text]<\/p>\n<p style=\"margin-left: 60px; margin-right: 6%;\">Im Urlaub hei\u00dft es genie\u00dfen, neue Erfahrungen machen oder einfach mal wieder die Batterien aufladen.<\/p>\n<p>[\/vc_column_text][vc_empty_space height=&#8220;50px&#8220;][vc_empty_space height=&#8220;40px&#8220; el_class=&#8220;empty-space-hidden&#8220;]\n\n\t<a href=\"https:\/\/outdoor-mania.eu\/de\/more-than-just-a-regular-bike-tour\/\" target=\"_self\" style=\"color: #ffffff;margin: 0px 0px 0px 60px\" class=\"qode-btn qode-btn-medium qode-btn-simple qode-btn-custom-icon-bg-hover-color qode-btn-icon qodef-btn-icon-square qode-btn-default-hover\"  >\n\t    <span class=\"qode-btn-text\">Weiterlesen<\/span><span class=\"qode-button-v2-icon-holder\" style=\"font-size: 23px;background-color: #f04c23\" data-hover-icon-bg-color=\"#1a1917\"><span aria-hidden=\"true\" class=\"qode_icon_font_elegant arrow_triangle-right qode-button-v2-icon-holder-inner\" ><\/span><\/span>\t<\/a>\n\n[\/qode_elements_holder_item][qode_elements_holder_item advanced_animations=&#8220;no&#8220; background_image=&#8220;365&#8243; item_padding=&#8220;240px 0px&#8220; item_padding_1280_1440=&#8220;48.7% 0px&#8220; item_padding_1024_1280=&#8220;47% 0px&#8220; item_padding_480_600=&#8220;46% 0px&#8220; item_padding_480=&#8220;46% 0px&#8220;][\/qode_elements_holder_item][\/qode_elements_holder][\/vc_column][\/vc_row][vc_row css_animation=&#8220;&#8220; row_type=&#8220;row&#8220; use_row_as_full_screen_section=&#8220;no&#8220; type=&#8220;full_width&#8220; angled_section=&#8220;no&#8220; text_align=&#8220;left&#8220; background_image_as_pattern=&#8220;without_pattern&#8220; el_class=&#8220;row-with-separator&#8220; z_index=&#8220;&#8220;][vc_column css=&#8220;.vc_custom_1516793277327{margin-top: 0px !important;margin-right: 0px !important;margin-bottom: 0px !important;margin-left: 0px !important;padding-right: 0px !important;padding-left: 0px !important;}&#8220; offset=&#8220;vc_col-lg-6&#8243;]<div class=\"qode_video_box\">\n\t<a itemprop=\"image\" class=\"qode_video_image\" href=\"https:\/\/www.youtube.com\/watch?v=Q_Pum_siczA\" data-rel=\"prettyPhoto\" target=\"_blank\" rel=\"noopener\">\n\t\t\t\n\t\t\t<img decoding=\"async\" src=\"https:\/\/outdoor-mania.eu\/wp-content\/uploads\/2018\/03\/outdoor-mania-naslovna-15_00.jpg\" alt=\"\" title=\"\">\n\t\t\t<span class=\"qode_video_box_button_holder\">\n\t\t\t\t<span class=\"qode_video_box_button\">\n\t\t\t\t\t<span class=\"qode_video_box_button_arrow\">\n\t\t\t\t\t<\/span>\n\t\t\t\t<\/span>\n\t\t\t<\/span>\n\t\t\t<\/a>\n<\/div>[\/vc_column][vc_column css=&#8220;.vc_custom_1516793283495{margin-top: 0px !important;margin-right: 0px !important;margin-bottom: 0px !important;margin-left: 0px !important;padding-right: 0px !important;padding-left: 0px !important;}&#8220; offset=&#8220;vc_col-lg-6&#8243;][qode_elements_holder number_of_columns=&#8220;one_column&#8220; switch_to_one_column=&#8220;1000&#8243;][qode_elements_holder_item advanced_animations=&#8220;no&#8220; item_padding=&#8220;20% 15% 13%&#8220; item_padding_1280_1440=&#8220;14% 15% 13% 7%&#8220; item_padding_1024_1280=&#8220;11% 4% 11% 8%&#8220; item_padding_768_1024=&#8220;12% 30% 12% 13%&#8220; item_padding_600_768=&#8220;15% 20% 15% 10&#8243; item_padding_480_600=&#8220;17% 20% 17% 0%&#8220; item_padding_480=&#8220;17% 20% 17% 0%&#8220;][vc_column_text]<\/p>\n<h1 style=\"font-weight: 300;\">[vc_separator type=&#8220;small&#8220; position=&#8220;left&#8220; color=&#8220;#f04c23&#8243; thickness=&#8220;2&#8243; width=&#8220;100&#8243; down=&#8220;15&#8243;]Unsere<\/h1>\n<p>[\/vc_column_text][vc_column_text]<\/p>\n<h1 style=\"font-weight: 900; margin-left: 50px;\">R\u00e4der<\/h1>\n<p>[\/vc_column_text][vc_empty_space height=&#8220;39px&#8220;][vc_column_text]<\/p>\n<p style=\"margin-left: 110px; margin-right: 1%;\">Buche deine Tour mit uns und genie\u00dfe den Ritt auf einem unserer qualitativ hochwertigen R\u00e4der. Auf den Bildern unten siehst du unsere aktuell zur Vermietung stehenden R\u00e4der.<\/p>\n<p>[\/vc_column_text][vc_empty_space height=&#8220;60px&#8220; el_class=&#8220;empty-space-hidden&#8220;]\n\n\t<a href=\"https:\/\/outdoor-mania.eu\/de\/the-bikes\/\" target=\"_self\" style=\"color: #1a1917;margin: 0px 0px 0px 110px\" class=\"qode-btn qode-btn-medium qode-btn-simple qode-btn-custom-icon-bg-hover-color qode-btn-icon qodef-btn-icon-square qode-btn-default-hover\">\n\t    <span class=\"qode-btn-text\">Weiterlesen<\/span><span class=\"qode-button-v2-icon-holder\" style=\"font-size: 23px;background-color: #f04c23\" data-hover-icon-bg-color=\"#ffffff\"><span aria-hidden=\"true\" class=\"qode_icon_font_elegant arrow_triangle-right qode-button-v2-icon-holder-inner\" ><\/span><\/span>\t<\/a>\n\n[\/qode_elements_holder_item][\/qode_elements_holder][\/vc_column][\/vc_row][vc_row css_animation=&#8220;&#8220; row_type=&#8220;row&#8220; use_row_as_full_screen_section=&#8220;no&#8220; type=&#8220;full_width&#8220; angled_section=&#8220;no&#8220; text_align=&#8220;left&#8220; background_image_as_pattern=&#8220;without_pattern&#8220;][vc_column][rev_slider_vc alias=&#8220;home-content&#8220;][\/vc_column][\/vc_row][vc_row css_animation=&#8220;&#8220; row_type=&#8220;row&#8220; use_row_as_full_screen_section=&#8220;no&#8220; type=&#8220;full_width&#8220; angled_section=&#8220;no&#8220; text_align=&#8220;left&#8220; background_image_as_pattern=&#8220;without_pattern&#8220; el_class=&#8220;row-with-separator&#8220; z_index=&#8220;&#8220;][vc_column css=&#8220;.vc_custom_1520937968010{margin-right: 0px !important;margin-left: 0px !important;padding-right: 0px !important;padding-left: 0px !important;}&#8220; offset=&#8220;vc_col-md-6&#8243;][qode_elements_holder number_of_columns=&#8220;two_columns&#8220;][qode_elements_holder_item advanced_animations=&#8220;no&#8220; item_padding=&#8220;17% 15% 10%&#8220; item_padding_1280_1440=&#8220;18% 5% 9% 14%&#8220; item_padding_1024_1280=&#8220;16% 10% 11% 15%&#8220; item_padding_768_1024=&#8220;16% 4% 10% 10%&#8220; item_padding_600_768=&#8220;15% 15% 14%&#8220; item_padding_480_600=&#8220;23% 12% 15%&#8220; item_padding_480=&#8220;23% 12% 15%&#8220;][vc_column_text]<\/p>\n<h1 style=\"font-weight: 300;\">[vc_separator type=&#8220;small&#8220; position=&#8220;left&#8220; color=&#8220;#f04c23&#8243; thickness=&#8220;2&#8243; width=&#8220;100&#8243; down=&#8220;15&#8243;]Du willst wissen, was bei uns gerade los ist?<\/h1>\n<p>[\/vc_column_text][vc_column_text]<\/p>\n<h1 style=\"font-weight: 900; margin-left: 50px;\">Dann melde dich f\u00fcr unseren Newsletter an.<\/h1>\n<p>[\/vc_column_text][vc_empty_space height=&#8220;25px&#8220;][vc_empty_space height=&#8220;25px&#8220; el_class=&#8220;empty-space-hidden&#8220;]<div role=\"form\" class=\"wpcf7\" id=\"wpcf7-f169-o1\" lang=\"en-US\" dir=\"ltr\">\n<div class=\"screen-reader-response\"><p role=\"status\" aria-live=\"polite\" aria-atomic=\"true\"><\/p> <ul><\/ul><\/div>\n<form action=\"\/de\/wp-json\/wp\/v2\/pages\/2#wpcf7-f169-o1\" method=\"post\" class=\"wpcf7-form init cf7_custom_style_2\" novalidate=\"novalidate\" data-status=\"init\">\n<div style=\"display: none;\">\n<input type=\"hidden\" name=\"_wpcf7\" value=\"169\" \/>\n<input type=\"hidden\" name=\"_wpcf7_version\" value=\"5.5.6\" \/>\n<input type=\"hidden\" name=\"_wpcf7_locale\" value=\"en_US\" \/>\n<input type=\"hidden\" name=\"_wpcf7_unit_tag\" value=\"wpcf7-f169-o1\" \/>\n<input type=\"hidden\" name=\"_wpcf7_container_post\" value=\"0\" \/>\n<input type=\"hidden\" name=\"_wpcf7_posted_data_hash\" value=\"\" \/>\n<input type=\"hidden\" name=\"lang\" value=\"de\" \/>\n<\/div>\n<div class=\"two_columns_form_without_space\">\n<div class=\"column_left\">\nGeben sie ihre E-Mail Adresse ein: <span class=\"wpcf7-form-control-wrap your-email\"><input type=\"email\" name=\"your-email\" value=\"\" size=\"40\" class=\"wpcf7-form-control wpcf7-text wpcf7-email wpcf7-validates-as-email\" aria-invalid=\"false\" \/><\/span>\n<\/div>\n<div class=\"column_right\">\n <input type=\"submit\" value=\"Senden\" class=\"wpcf7-form-control has-spinner wpcf7-submit\" \/>\n<\/div>\n<\/div>\n<div class=\"wpcf7-response-output\" aria-hidden=\"true\"><\/div><\/form><\/div>[\/qode_elements_holder_item][\/qode_elements_holder][\/vc_column][\/vc_row][vc_row css_animation=&#8220;&#8220; row_type=&#8220;row&#8220; use_row_as_full_screen_section=&#8220;no&#8220; type=&#8220;grid&#8220; angled_section=&#8220;no&#8220; text_align=&#8220;center&#8220; background_image_as_pattern=&#8220;without_pattern&#8220; z_index=&#8220;&#8220; css=&#8220;.vc_custom_1522410727262{padding-top: 20px !important;padding-right: 20px !important;padding-bottom: 20px !important;padding-left: 20px !important;background-color: #ededed !important;}&#8220;][vc_column width=&#8220;1\/3&#8243;][vc_raw_html]JTNDaWZyYW1lJTIwc3JjJTNEJTIyaHR0cHMlM0ElMkYlMkZ3d3cuZmFjZWJvb2suY29tJTJGcGx1Z2lucyUyRnBhZ2UucGhwJTNGaHJlZiUzRGh0dHBzJTI1M0ElMjUyRiUyNTJGd3d3LmZhY2Vib29rLmNvbSUyNTJGT1VURE9PUm1hbmlhQklLRSUyNTJGJTI2dGFicyUzRHRpbWVsaW5lJTI2d2lkdGglM0QzNDAlMjZoZWlnaHQlM0Q1MDAlMjZzbWFsbF9oZWFkZXIlM0R0cnVlJTI2YWRhcHRfY29udGFpbmVyX3dpZHRoJTNEdHJ1ZSUyNmhpZGVfY292ZXIlM0RmYWxzZSUyNnNob3dfZmFjZXBpbGUlM0R0cnVlJTI2YXBwSWQlM0QxMjc3NzIxOTExMDMzODElMjIlMjB3aWR0aCUzRCUyMjM0MCUyMiUyMGhlaWdodCUzRCUyMjUwMCUyMiUyMHN0eWxlJTNEJTIyYm9yZGVyJTNBbm9uZSUzQm92ZXJmbG93JTNBaGlkZGVuJTIyJTIwc2Nyb2xsaW5nJTNEJTIybm8lMjIlMjBmcmFtZWJvcmRlciUzRCUyMjAlMjIlMjBhbGxvd1RyYW5zcGFyZW5jeSUzRCUyMnRydWUlMjIlMjBhbGxvdyUzRCUyMmVuY3J5cHRlZC1tZWRpYSUyMiUzRSUzQyUyRmlmcmFtZSUzRQ==[\/vc_raw_html][\/vc_column][vc_column width=&#8220;1\/3&#8243;][vc_raw_html]JTNDZGl2JTIwaWQlM0QlMjJUQV9zZWxmc2VydmVwcm9wODQxJTIyJTIwY2xhc3MlM0QlMjJUQV9zZWxmc2VydmVwcm9wJTIyJTNFJTBBJTNDdWwlMjBpZCUzRCUyMkR4WUtwaiUyMiUyMGNsYXNzJTNEJTIyVEFfbGlua3MlMjByQlk1MkE1bG8lMjIlM0UlMEElM0NsaSUyMGlkJTNEJTIyMGc5TUF2c2kwJTIyJTIwY2xhc3MlM0QlMjJFTmRHOUIlMjIlM0UlMEElM0NhJTIwdGFyZ2V0JTNEJTIyX2JsYW5rJTIyJTIwaHJlZiUzRCUyMmh0dHBzJTNBJTJGJTJGd3d3LnRyaXBhZHZpc29yLmRlJTJGJTIyJTNFJTNDaW1nJTIwc3JjJTNEJTIyaHR0cHMlM0ElMkYlMkZ3d3cudHJpcGFkdmlzb3IuZGUlMkZpbWclMkZjZHNpJTJGaW1nMiUyRmJyYW5kaW5nJTJGMTUwX2xvZ28tMTE5MDAtMi5wbmclMjIlMjBhbHQlM0QlMjJUcmlwQWR2aXNvciUyMiUyRiUzRSUzQyUyRmElM0UlMEElM0MlMkZsaSUzRSUwQSUzQyUyRnVsJTNFJTBBJTNDJTJGZGl2JTNFJTBBJTNDc2NyaXB0JTIwYXN5bmMlMjBzcmMlM0QlMjJodHRwcyUzQSUyRiUyRnd3dy5qc2NhY2hlLmNvbSUyRndlanMlM0Z3dHlwZSUzRHNlbGZzZXJ2ZXByb3AlMjZhbXAlM0J1bmlxJTNEODQxJTI2YW1wJTNCbG9jYXRpb25JZCUzRDgzOTkyNzAlMjZhbXAlM0JsYW5nJTNEZGUlMjZhbXAlM0JyYXRpbmclM0R0cnVlJTI2YW1wJTNCbnJldmlld3MlM0Q1JTI2YW1wJTNCd3JpdGVyZXZpZXdsaW5rJTNEdHJ1ZSUyNmFtcCUzQnBvcElkeCUzRHRydWUlMjZhbXAlM0Jpc3dpZGUlM0RmYWxzZSUyNmFtcCUzQmJvcmRlciUzRHRydWUlMjZhbXAlM0JkaXNwbGF5X3ZlcnNpb24lM0QyJTIyJTNFJTNDJTJGc2NyaXB0JTNFJTBB[\/vc_raw_html][\/vc_column][vc_column width=&#8220;1\/3&#8243;][vc_column_text]\r\n<div id=\"sb_instagram\"  class=\"sbi sbi_mob_col_1 sbi_tab_col_2 sbi_col_4 sbi_width_resp\" style=\"padding-bottom: 10px;width: 100%;\" data-feedid=\"sbi_#20\"  data-res=\"auto\" data-cols=\"4\" data-colsmobile=\"1\" data-colstablet=\"2\" data-num=\"20\" data-nummobile=\"\" data-shortcode-atts=\"[]\"  data-postid=\"2\" data-locatornonce=\"e43d2a1b7c\" data-sbi-flags=\"favorLocal\">\r\n\t\r\n    <div id=\"sbi_images\"  style=\"padding: 5px;\">\r\n\t\t    <\/div>\r\n\r\n\t<div id=\"sbi_load\" >\r\n\r\n\t\r\n\t\r\n<\/div>\r\n\r\n\t    <span class=\"sbi_resized_image_data\" data-feed-id=\"sbi_#20\" data-resized=\"[]\">\n\t<\/span>\n\t<\/div>\r\n\r\n[\/vc_column_text][\/vc_column][\/vc_row]<\/p>\n","protected":false},"excerpt":{"rendered":"<p>[vc_row css_animation=&#8220;&#8220; row_type=&#8220;row&#8220; use_row_as_full_screen_section=&#8220;no&#8220; type=&#8220;full_width&#8220; angled_section=&#8220;no&#8220; text_align=&#8220;left&#8220; background_image_as_pattern=&#8220;without_pattern&#8220; css=&#8220;.vc_custom_1520935680674{margin-top: -50px !important;}&#8220; z_index=&#8220;&#8220;][vc_column][rev_slider_vc alias=&#8220;home-de&#8220;][\/vc_column][\/vc_row][vc_row css_animation=&#8220;&#8220; row_type=&#8220;row&#8220; use_row_as_full_screen_section=&#8220;no&#8220; type=&#8220;full_width&#8220; angled_section=&#8220;no&#8220; text_align=&#8220;left&#8220; background_image_as_pattern=&#8220;without_pattern&#8220; el_class=&#8220;row-with-separator&#8220; z_index=&#8220;&#8220;][vc_column css=&#8220;.vc_custom_1516375454296{margin-top: 0px !important;margin-right: 0px !important;margin-bottom: 0px !important;margin-left: 0px !important;padding-right: 0px !important;padding-left: 0px !important;}&#8220; offset=&#8220;vc_col-lg-6 vc_col-md-12&#8243;][qode_elements_holder number_of_columns=&#8220;one_column&#8220;][qode_elements_holder_item advanced_animations=&#8220;no&#8220; background_image=&#8220;367&#8243; item_padding=&#8220;30% 15% 42.8%&#8220; item_padding_1280_1440=&#8220;18% 2%&#8230;<\/p>\n","protected":false},"author":1,"featured_media":0,"parent":0,"menu_order":0,"comment_status":"closed","ping_status":"open","template":"full_width.php","meta":{"footnotes":""},"class_list":["post-2","page","type-page","status-publish","hentry"],"_links":{"self":[{"href":"https:\/\/outdoor-mania.eu\/de\/wp-json\/wp\/v2\/pages\/2"}],"collection":[{"href":"https:\/\/outdoor-mania.eu\/de\/wp-json\/wp\/v2\/pages"}],"about":[{"href":"https:\/\/outdoor-mania.eu\/de\/wp-json\/wp\/v2\/types\/page"}],"author":[{"embeddable":true,"href":"https:\/\/outdoor-mania.eu\/de\/wp-json\/wp\/v2\/users\/1"}],"replies":[{"embeddable":true,"href":"https:\/\/outdoor-mania.eu\/de\/wp-json\/wp\/v2\/comments?post=2"}],"version-history":[{"count":65,"href":"https:\/\/outdoor-mania.eu\/de\/wp-json\/wp\/v2\/pages\/2\/revisions"}],"predecessor-version":[{"id":2902,"href":"https:\/\/outdoor-mania.eu\/de\/wp-json\/wp\/v2\/pages\/2\/revisions\/2902"}],"wp:attachment":[{"href":"https:\/\/outdoor-mania.eu\/de\/wp-json\/wp\/v2\/media?parent=2"}],"curies":[{"name":"wp","href":"https:\/\/api.w.org\/{rel}","templated":true}]}}