{"id":190,"date":"2018-01-23T11:51:09","date_gmt":"2018-01-23T11:51:09","guid":{"rendered":"http:\/\/bridge135.qodeinteractive.com\/?page_id=190"},"modified":"2020-01-28T11:53:03","modified_gmt":"2020-01-28T11:53:03","slug":"about","status":"publish","type":"page","link":"https:\/\/outdoor-mania.eu\/de\/about\/","title":{"rendered":"About"},"content":{"rendered":"<p>[vc_row css_animation=&#8220;&#8220; row_type=&#8220;row&#8220; use_row_as_full_screen_section=&#8220;no&#8220; type=&#8220;full_width&#8220; angled_section=&#8220;no&#8220; text_align=&#8220;left&#8220; background_image_as_pattern=&#8220;without_pattern&#8220; z_index=&#8220;&#8220; css=&#8220;.vc_custom_1522244833443{margin-bottom: 50px !important;}&#8220;][vc_column]<div class='qode_image_gallery_no_space '><div class='qode_image_gallery_holder' style='height: 500px;'><ul  ><li  ><div style=\"height: 500px; width:889px;\"><img decoding=\"async\" itemprop=\"image\" src=\"https:\/\/outdoor-mania.eu\/wp-content\/uploads\/2018\/03\/01.jpg\" alt=\"\" title=\"\"><\/div><\/li><li  ><div style=\"height: 500px; width:750px;\"><img decoding=\"async\" itemprop=\"image\" src=\"https:\/\/outdoor-mania.eu\/wp-content\/uploads\/2018\/03\/10482852_10203794127041029_4560713265109003029_n.jpg\" alt=\"\" title=\"\"><\/div><\/li><li  ><div style=\"height: 500px; width:752px;\"><img decoding=\"async\" itemprop=\"image\" src=\"https:\/\/outdoor-mania.eu\/wp-content\/uploads\/2018\/03\/outdoor-mania-naslovna-8.jpg\" alt=\"\" title=\"\"><\/div><\/li><\/ul><\/div><div class=\"controls\"><a class=\"prev-slide\" href=\"#\"><span><i class=\"fa fa-angle-left\"><\/i><\/span><\/a><a class=\"next-slide\" href=\"#\"><span><i class=\"fa fa-angle-right\"><\/i><\/span><\/a><\/div><\/div>[\/vc_column][\/vc_row][vc_row css_animation=&#8220;&#8220; row_type=&#8220;row&#8220; use_row_as_full_screen_section=&#8220;no&#8220; type=&#8220;grid&#8220; angled_section=&#8220;no&#8220; text_align=&#8220;left&#8220; background_image_as_pattern=&#8220;without_pattern&#8220; z_index=&#8220;&#8220; css=&#8220;.vc_custom_1522142345587{margin-bottom: 50px !important;border-bottom-width: 50px !important;}&#8220;][vc_column width=&#8220;1\/4&#8243;][vc_single_image image=&#8220;2294&#8243; img_size=&#8220;full&#8220; alignment=&#8220;center&#8220; qode_css_animation=&#8220;&#8220;][\/vc_column][vc_column width=&#8220;3\/4&#8243;][vc_column_text el_class=&#8220;orange&#8220; css=&#8220;.vc_custom_1580212178222{padding-top: 20px !important;padding-right: 20px !important;padding-bottom: 20px !important;padding-left: 20px !important;}&#8220;]Schon seit seiner Kindheit ist Ale\u0161 ein Adrenalinjunkie, was sich in seinem breit gef\u00e4cherten Interesse der unterschiedlichsten Sportarten zeigt. Eines hat es ihm jedoch besonders angetan: das Radfahren. Um genauer zu sein, das Mountainbiken. Im Jahre 2001 war es endlich soweit und Ale\u0161 bekam sein erstes professionelles MTB und trat dem Radclub \u201cPazin\u201d bei. F\u00fcr sein Radtraining in einer anderen Stadt nahm er gerne lange Wege in Kauf, die er, das versteht sich von allein, ebenfalls auf dem Rad zur\u00fccklegte. Seit dem nahm Ale\u0161 erfolgreich an unz\u00e4hligen Rennen Teil. Die harte Arbeit sollte sich bezahlt machen und so wurde Ale\u0161 im Jahre 2009 Teil des kroatischen MTB Marathon Nationalteams. Einen Teil seiner Erfolge kannst du dir unten stehend genauer ansehen.<\/p>\n<p>Mit 28 Jahren sollte dann ein lang ersehnter Wunsch von Ale\u0161 in Erf\u00fcllung gehen. Und so fuhr er nach langer und ausgiebiger Planung mit dem Mountainbike von Buzet in Istrien zur gleichnamigen Stadt in Frankreich. In nur 10 Tagen legte er 1800km zur\u00fcck, besichtigte unz\u00e4hlige St\u00e4dte und a\u00df Unmengen von ausgezeichnetem Pain-au-Chocolate. Im franz\u00f6sischem Buzet wurde er \u00e4u\u00dferst herzlich und mit offenen Armen empfangen. Noch heute ist diese Reise mit eines seiner sch\u00f6nsten Erlebnisse.<\/p>\n<p>Um seine umfangreichen Erfahrungen, sein Wissen und seine Begeisterung f\u00fcr das Mountainbikefahren und seine istrische Heimat weiterzugeben, gr\u00fcndete Ale\u0161 im Jahre 2014 \u201cOutdoor Mania\u201d. Ale\u0161 liebt es allen \u2013 sei es Mountainbiker, Naturliebhaber oder Tourist \u2013 die wundersch\u00f6ne istrische Landschaft n\u00e4her zu bringen. Seine Touren f\u00fchren einen an Orte, die in ihrer Sch\u00f6nheit so nur auf dem Sattel eines Rades erlebt werden k\u00f6nnen.<\/p>\n<p>Und weil Ale\u0161 steht\u2019s in Bewegung ist, ist es auch alles andere. Anfang 2018 erweiterte er deshalb sein Angebot um all-inklusive Touren, die neben R\u00e4dervermietung und Guiding nun auch Unterkunft, Ausfl\u00fcge und vieles weitere anbieten. Neben seiner Heimat Istrien kommen nun immer mehr Ziele \u00fcber Europa verteilt hinzu. Dies war mitunter ein Grund neben der urspr\u00fcnglichen Webseite <a href=\"https:\/\/www.outdoor-mania.hr\" target=\"_blank\" rel=\"noopener\">www.outdoor-mania.hr<\/a> auch die Webseite www.outdoor-mania.eu hinzuzuf\u00fcgen.<\/p>\n<p>&nbsp;<\/p>\n<h1>EGAL WELCHE W\u00dcNSCHE DU NUN ALSO HAST, LASS ES ALE\u0160 WISSEN UND ER WIRD ALLES DAF\u00dcR TUN, DEINEN URLAUB UNVERGESSLICH UND GENAU AUF DICH ABGESTIMMT ZU GESTALTEN: LEHRREICH, VOLLER SPASS, AKTIV UND EINFACH ANDERS<\/h1>\n<p>[\/vc_column_text][\/vc_column][\/vc_row][vc_row css_animation=&#8220;&#8220; row_type=&#8220;row&#8220; use_row_as_full_screen_section=&#8220;no&#8220; type=&#8220;full_width&#8220; angled_section=&#8220;no&#8220; text_align=&#8220;left&#8220; background_image_as_pattern=&#8220;without_pattern&#8220;][vc_column]<div class=\"qode-workflow  qode-workflow-animate\">\n    <span class=\"main-line\" style=\"\"><\/span>\n    <div class=\"qode-workflow-item\">\n    <span class=\"line\" style=\"\"><\/span>\n    <div class=\"qode-workflow-item-inner \">\n        <div class=\"qode-workflow-image center\">\n                    <\/div>\n        <div class=\"qode-workflow-text\">\n            <span class=\"circle\" style=\"\"><\/span>\n                            <h3>2005<\/h3>\n                                                    <p class=\"text\">der dritte Platz bei der kroatischen XC-Meisterschaft<\/p>\n                    <\/div>\n    <\/div>\n<\/div><div class=\"qode-workflow-item\">\n    <span class=\"line\" style=\"\"><\/span>\n    <div class=\"qode-workflow-item-inner \">\n        <div class=\"qode-workflow-image center\">\n                    <\/div>\n        <div class=\"qode-workflow-text\">\n            <span class=\"circle\" style=\"\"><\/span>\n                            <h3>2006<\/h3>\n                                                    <p class=\"text\">der dritte Platz bei der XC_Meisterschaft\/uphill<\/p>\n                    <\/div>\n    <\/div>\n<\/div><div class=\"qode-workflow-item\">\n    <span class=\"line\" style=\"\"><\/span>\n    <div class=\"qode-workflow-item-inner \">\n        <div class=\"qode-workflow-image center\">\n                    <\/div>\n        <div class=\"qode-workflow-text\">\n            <span class=\"circle\" style=\"\"><\/span>\n                            <h3>2008<\/h3>\n                                                    <p class=\"text\">\u201eRoad to Dubrovnik\u201c eine Fahrradreise von Istrien nach Dubrovnik<\/p>\n                    <\/div>\n    <\/div>\n<\/div><div class=\"qode-workflow-item\">\n    <span class=\"line\" style=\"\"><\/span>\n    <div class=\"qode-workflow-item-inner \">\n        <div class=\"qode-workflow-image center\">\n                    <\/div>\n        <div class=\"qode-workflow-text\">\n            <span class=\"circle\" style=\"\"><\/span>\n                            <h3>2008<\/h3>\n                                                    <p class=\"text\">der zweite Platz bei der kroatischen XCM-Meisterschaft<\/p>\n                    <\/div>\n    <\/div>\n<\/div><div class=\"qode-workflow-item\">\n    <span class=\"line\" style=\"\"><\/span>\n    <div class=\"qode-workflow-item-inner \">\n        <div class=\"qode-workflow-image center\">\n                    <\/div>\n        <div class=\"qode-workflow-text\">\n            <span class=\"circle\" style=\"\"><\/span>\n                            <h3>2009<\/h3>\n                                                    <p class=\"text\">der zweite Platz bei der kroatischen XC-Meisterschaft<\/p>\n                    <\/div>\n    <\/div>\n<\/div><div class=\"qode-workflow-item\">\n    <span class=\"line\" style=\"\"><\/span>\n    <div class=\"qode-workflow-item-inner \">\n        <div class=\"qode-workflow-image center\">\n                    <\/div>\n        <div class=\"qode-workflow-text\">\n            <span class=\"circle\" style=\"\"><\/span>\n                            <h3>2009<\/h3>\n                                                    <p class=\"text\">Statteg (\u00d6sterreich) die XCM-Weltmeisterschaft erfolgreich gemacht (Mitglied der Nationalmannschaft)<\/p>\n                    <\/div>\n    <\/div>\n<\/div><div class=\"qode-workflow-item\">\n    <span class=\"line\" style=\"\"><\/span>\n    <div class=\"qode-workflow-item-inner \">\n        <div class=\"qode-workflow-image center\">\n                    <\/div>\n        <div class=\"qode-workflow-text\">\n            <span class=\"circle\" style=\"\"><\/span>\n                            <h3>2010<\/h3>\n                                                    <p class=\"text\">der dritte Platz beim Rally di Romagnia<\/p>\n                    <\/div>\n    <\/div>\n<\/div><div class=\"qode-workflow-item\">\n    <span class=\"line\" style=\"\"><\/span>\n    <div class=\"qode-workflow-item-inner \">\n        <div class=\"qode-workflow-image center\">\n                    <\/div>\n        <div class=\"qode-workflow-text\">\n            <span class=\"circle\" style=\"\"><\/span>\n                            <h3>2010<\/h3>\n                                                    <p class=\"text\">Montebelunno (Italien) die europ\u00e4ische XCM-Meisterschaft erfolgreich gemacht (Mitglied der Nationalmannschaft)<\/p>\n                    <\/div>\n    <\/div>\n<\/div><div class=\"qode-workflow-item\">\n    <span class=\"line\" style=\"\"><\/span>\n    <div class=\"qode-workflow-item-inner \">\n        <div class=\"qode-workflow-image center\">\n                    <\/div>\n        <div class=\"qode-workflow-text\">\n            <span class=\"circle\" style=\"\"><\/span>\n                            <h3>2010<\/h3>\n                                                    <p class=\"text\">St. Wendel die XCM-Weltmeisterschaft (Deutschland) erfolgreich gemacht<\/p>\n                    <\/div>\n    <\/div>\n<\/div><div class=\"qode-workflow-item\">\n    <span class=\"line\" style=\"\"><\/span>\n    <div class=\"qode-workflow-item-inner \">\n        <div class=\"qode-workflow-image center\">\n                    <\/div>\n        <div class=\"qode-workflow-text\">\n            <span class=\"circle\" style=\"\"><\/span>\n                            <h3>2010<\/h3>\n                                                    <p class=\"text\">der zweite Platz beim MTB-Rennen Tara (Serbien) im Jahr 2011<\/p>\n                    <\/div>\n    <\/div>\n<\/div><div class=\"qode-workflow-item\">\n    <span class=\"line\" style=\"\"><\/span>\n    <div class=\"qode-workflow-item-inner \">\n        <div class=\"qode-workflow-image center\">\n                    <\/div>\n        <div class=\"qode-workflow-text\">\n            <span class=\"circle\" style=\"\"><\/span>\n                            <h3>2011<\/h3>\n                                                    <p class=\"text\">die 300km langeMTB-Orientierungsrennen Kajkavijana erforgreich gemacht<\/p>\n                    <\/div>\n    <\/div>\n<\/div><div class=\"qode-workflow-item\">\n    <span class=\"line\" style=\"\"><\/span>\n    <div class=\"qode-workflow-item-inner \">\n        <div class=\"qode-workflow-image center\">\n                    <\/div>\n        <div class=\"qode-workflow-text\">\n            <span class=\"circle\" style=\"\"><\/span>\n                            <h3>2011<\/h3>\n                                                    <p class=\"text\">Salzkammergut Trophy 211 km erfolgreich gemacht<\/p>\n                    <\/div>\n    <\/div>\n<\/div><div class=\"qode-workflow-item\">\n    <span class=\"line\" style=\"\"><\/span>\n    <div class=\"qode-workflow-item-inner \">\n        <div class=\"qode-workflow-image center\">\n                    <\/div>\n        <div class=\"qode-workflow-text\">\n            <span class=\"circle\" style=\"\"><\/span>\n                            <h3>2011<\/h3>\n                                                    <p class=\"text\">Ki-Challenge 110 km erfolgreich gemacht<\/p>\n                    <\/div>\n    <\/div>\n<\/div><\/div>[\/vc_column][\/vc_row][vc_row css_animation=&#8220;&#8220; row_type=&#8220;row&#8220; use_row_as_full_screen_section=&#8220;no&#8220; type=&#8220;full_width&#8220; angled_section=&#8220;no&#8220; text_align=&#8220;left&#8220; background_image_as_pattern=&#8220;without_pattern&#8220;][vc_column css=&#8220;.vc_custom_1522245038555{padding-top: 10px !important;padding-right: 10px !important;padding-bottom: 10px !important;padding-left: 10px !important;background-color: #e55a30 !important;}&#8220;]<div class='qode_image_gallery_no_space '><div class='qode_image_gallery_holder' style=''><ul  ><li  ><div style=\" width:960px;\"><img decoding=\"async\" itemprop=\"image\" src=\"https:\/\/outdoor-mania.eu\/wp-content\/uploads\/2018\/03\/10341632_10203801758271805_5650914058291546617_n.jpg\" alt=\"\" title=\"\"><\/div><\/li><li  ><div style=\" width:960px;\"><img decoding=\"async\" itemprop=\"image\" src=\"https:\/\/outdoor-mania.eu\/wp-content\/uploads\/2018\/03\/10478665_10203801754631714_5072701876486547700_n.jpg\" alt=\"\" title=\"\"><\/div><\/li><li  ><div style=\" width:960px;\"><img decoding=\"async\" itemprop=\"image\" src=\"https:\/\/outdoor-mania.eu\/wp-content\/uploads\/2018\/03\/10482852_10203794127041029_4560713265109003029_n.jpg\" alt=\"\" title=\"\"><\/div><\/li><li  ><div style=\" width:960px;\"><img decoding=\"async\" itemprop=\"image\" src=\"https:\/\/outdoor-mania.eu\/wp-content\/uploads\/2018\/03\/10505468_10203728547081571_1252477802013011891_n.jpg\" alt=\"\" title=\"\"><\/div><\/li><li  ><div style=\" width:960px;\"><img decoding=\"async\" itemprop=\"image\" src=\"https:\/\/outdoor-mania.eu\/wp-content\/uploads\/2018\/03\/10505478_10203735998627855_3345445729506777468_n.jpg\" alt=\"\" title=\"\"><\/div><\/li><\/ul><\/div><div class=\"controls\"><a class=\"prev-slide\" href=\"#\"><span><i class=\"fa fa-angle-left\"><\/i><\/span><\/a><a class=\"next-slide\" href=\"#\"><span><i class=\"fa fa-angle-right\"><\/i><\/span><\/a><\/div><\/div>[\/vc_column][\/vc_row]<\/p>\n","protected":false},"excerpt":{"rendered":"<p>[vc_row css_animation=&#8220;&#8220; row_type=&#8220;row&#8220; use_row_as_full_screen_section=&#8220;no&#8220; type=&#8220;full_width&#8220; angled_section=&#8220;no&#8220; text_align=&#8220;left&#8220; background_image_as_pattern=&#8220;without_pattern&#8220; z_index=&#8220;&#8220; css=&#8220;.vc_custom_1522244833443{margin-bottom: 50px !important;}&#8220;][vc_column][\/vc_column][\/vc_row][vc_row css_animation=&#8220;&#8220; row_type=&#8220;row&#8220; use_row_as_full_screen_section=&#8220;no&#8220; type=&#8220;grid&#8220; angled_section=&#8220;no&#8220; text_align=&#8220;left&#8220; background_image_as_pattern=&#8220;without_pattern&#8220; z_index=&#8220;&#8220; css=&#8220;.vc_custom_1522142345587{margin-bottom: 50px !important;border-bottom-width: 50px !important;}&#8220;][vc_column width=&#8220;1\/4&#8243;][vc_single_image image=&#8220;2294&#8243; img_size=&#8220;full&#8220; alignment=&#8220;center&#8220; qode_css_animation=&#8220;&#8220;][\/vc_column][vc_column width=&#8220;3\/4&#8243;][vc_column_text el_class=&#8220;orange&#8220; css=&#8220;.vc_custom_1580212178222{padding-top: 20px !important;padding-right: 20px !important;padding-bottom: 20px !important;padding-left: 20px !important;}&#8220;]Schon seit seiner Kindheit ist&#8230;<\/p>\n","protected":false},"author":1,"featured_media":0,"parent":0,"menu_order":0,"comment_status":"closed","ping_status":"open","template":"full_width.php","meta":{"footnotes":""},"class_list":["post-190","page","type-page","status-publish","hentry"],"_links":{"self":[{"href":"https:\/\/outdoor-mania.eu\/de\/wp-json\/wp\/v2\/pages\/190"}],"collection":[{"href":"https:\/\/outdoor-mania.eu\/de\/wp-json\/wp\/v2\/pages"}],"about":[{"href":"https:\/\/outdoor-mania.eu\/de\/wp-json\/wp\/v2\/types\/page"}],"author":[{"embeddable":true,"href":"https:\/\/outdoor-mania.eu\/de\/wp-json\/wp\/v2\/users\/1"}],"replies":[{"embeddable":true,"href":"https:\/\/outdoor-mania.eu\/de\/wp-json\/wp\/v2\/comments?post=190"}],"version-history":[{"count":48,"href":"https:\/\/outdoor-mania.eu\/de\/wp-json\/wp\/v2\/pages\/190\/revisions"}],"predecessor-version":[{"id":2863,"href":"https:\/\/outdoor-mania.eu\/de\/wp-json\/wp\/v2\/pages\/190\/revisions\/2863"}],"wp:attachment":[{"href":"https:\/\/outdoor-mania.eu\/de\/wp-json\/wp\/v2\/media?parent=190"}],"curies":[{"name":"wp","href":"https:\/\/api.w.org\/{rel}","templated":true}]}}