{"id":1679,"date":"2015-02-24T09:57:37","date_gmt":"2015-02-24T09:57:37","guid":{"rendered":"http:\/\/outdoor-mania.hr\/?page_id=1679"},"modified":"2015-02-24T09:57:37","modified_gmt":"2015-02-24T09:57:37","slug":"impressum","status":"publish","type":"page","link":"https:\/\/outdoor-mania.eu\/de\/impressum\/","title":{"rendered":"IMPRESSUM"},"content":{"rendered":"<p style=\"text-align: center;\">OUTDOOR MANIA<\/p>\n<p style=\"text-align: center;\">OBRT ZA NAJAM I POPRAVAK SPORTSKE OPREME<\/p>\n<p style=\"text-align: center;\">VL. ALE\u0160 HRVATIN, BUZET, SVETI IVAN 14<\/p>\n<p style=\"text-align: center;\">OIB: 96594539954<\/p>\n<p style=\"text-align: center;\">IBAN: HR9224020063206612635 (Erste bank)<\/p>\n<hr \/>\n<p>Outdoor Mania se u potpunosti odri\u010de svake odgovornosti koja na bilo koji na\u010din mo\u017ee nastati iz, ili je na bilo koji na\u010din vezana za kori\u0161tenje ovih web stranica, za bilo koje radnje korisnika uporabom ili zlouporabom sadr\u017eaja ovih web stranica, te za bilo kakvu \u0161tetu koja mo\u017ee nastati korisniku ili bilo kojoj tre\u0107oj strani u vezi s uporabom ili zlouporabom kori\u0161tenja sadr\u017eaja ovih web stranica.<br \/>\nOutdoor Mania zadr\u017eava pravo promjene op\u0107ih uvjeta poslovanja i kori\u0161tenja ovih stranica u bilo kojem trenutku. Promjene stupaju na snagu u trenutku objave. Smatra se da je pristupanjem stranicama korisnik upoznat s aktualnim pravilima i uvjetima kori\u0161tenja istih.<br \/>\nOutdoor Mania nastoji da informacije objavljene na stranici budu to\u010dne i a\u017eurne, ali se ogra\u0111uju od mogu\u0107ih pogre\u0161aka u objavljivanju istih. Outdoor Mania ne preuzima odgovornost niti krivnju za bilo kakve pogre\u0161ke ili propuste u sadr\u017eaju na ovim internet stranicama, kao ni za to\u010dnost objavljenih informacija, odnosno nije odgovaran za povremeno nefunkcioniranje stranica ili njihovih dijelova.<\/p>\n<hr \/>\n<p style=\"text-align: center;\">Fotos:<\/p>\n<p style=\"text-align: center;\">OUTDOOR MANIA<br \/>\nJULIEN DUVAL PHOTOGRAPHY<br \/>\nHREN PHOTOGRAPHY<\/p>\n<p style=\"text-align: center;\">Design und Implementierung:<\/p>\n<p style=\"text-align: center;\"><a href=\"https:\/\/www.prizmadesign.com\" target=\"_blank\" rel=\"noopener\">PRIZMA DESIGN d.o.o.<\/a>, Buzet<\/p>\n","protected":false},"excerpt":{"rendered":"<p>OUTDOOR MANIA OBRT ZA NAJAM I POPRAVAK SPORTSKE OPREME VL. ALE\u0160 HRVATIN, BUZET, SVETI IVAN 14 OIB: 96594539954 IBAN: HR9224020063206612635 (Erste bank) Outdoor Mania se u potpunosti odri\u010de svake odgovornosti koja na bilo koji na\u010din mo\u017ee nastati iz, ili je na bilo koji na\u010din vezana&#8230;<\/p>\n","protected":false},"author":1,"featured_media":0,"parent":0,"menu_order":0,"comment_status":"closed","ping_status":"open","template":"","meta":{"footnotes":""},"class_list":["post-1679","page","type-page","status-publish","hentry"],"_links":{"self":[{"href":"https:\/\/outdoor-mania.eu\/de\/wp-json\/wp\/v2\/pages\/1679"}],"collection":[{"href":"https:\/\/outdoor-mania.eu\/de\/wp-json\/wp\/v2\/pages"}],"about":[{"href":"https:\/\/outdoor-mania.eu\/de\/wp-json\/wp\/v2\/types\/page"}],"author":[{"embeddable":true,"href":"https:\/\/outdoor-mania.eu\/de\/wp-json\/wp\/v2\/users\/1"}],"replies":[{"embeddable":true,"href":"https:\/\/outdoor-mania.eu\/de\/wp-json\/wp\/v2\/comments?post=1679"}],"version-history":[{"count":0,"href":"https:\/\/outdoor-mania.eu\/de\/wp-json\/wp\/v2\/pages\/1679\/revisions"}],"wp:attachment":[{"href":"https:\/\/outdoor-mania.eu\/de\/wp-json\/wp\/v2\/media?parent=1679"}],"curies":[{"name":"wp","href":"https:\/\/api.w.org\/{rel}","templated":true}]}}